{"id":961,"date":"2015-11-27T05:07:13","date_gmt":"2015-11-27T05:07:13","guid":{"rendered":"http:\/\/hadocswebsite.azurewebsites.net\/?page_id=961"},"modified":"2026-03-23T10:11:55","modified_gmt":"2026-03-23T09:11:55","slug":"customers","status":"publish","type":"page","link":"https:\/\/www.hadocs.com\/no\/customers\/","title":{"rendered":"Kunder"},"content":{"rendered":"<p>Noen av v\u00e5re forn\u00f8yde kunder er oppf\u00f8rt nedenfor.<\/p>\n<p>Dersom du er kunde hos noen av disse kan du f\u00e5 dine materialsertifikater automatisk registrert inn i ditt system. Denne automatiseringen er laget for \u00e5 spare mest mulig manuelt arbeid for alle v\u00e5re kunder.<\/p>\n<p>&nbsp;<\/p>\n<table border=\"1\">\n<tbody>\n<tr>\n<th>Kunde<\/th>\n<th>Web portal<\/th>\n<\/tr>\n<tr>\n<td align=\"center\"><a href=\"https:\/\/www.smith.no\/\" target=\"_blank\" rel=\"noopener\"><img decoding=\"async\" class=\"\" style=\"max-width: 30%; width: 50%; height: auto; min-width: 100px !important;\" title=\"E.A.Smith AS\" src=\"\/wp-content\/uploads\/2023\/02\/logoSmith.png\" alt=\"E.A.Smith AS\" \/><\/a><\/td>\n<td style=\"min-width: 154px; padding: 4px; vertical-align: middle;\"><a href=\"http:\/\/smith.hadocs.com\/\" target=\"_blank\" rel=\"noopener\">smith.hadocs.com<\/a><\/td>\n<\/tr>\n<tr>\n<td align=\"center\"><a href=\"http:\/\/www.norskstaal.no\/\" target=\"_blank\" rel=\"noopener\"><img decoding=\"async\" class=\"\" style=\"max-width: 30%; width: 50%; height: auto; min-width: 100px !important;\" title=\"Norsk St\u00e5l AS\" src=\"\/wp-content\/uploads\/2016\/05\/norskstaal-logo.png\" alt=\"Norsk St\u00e5l AS\" \/><\/a><\/td>\n<td style=\"min-width: 154px; padding: 4px; vertical-align: middle;\"><a href=\"http:\/\/norskstaal.hadocs.com\/\" target=\"_blank\" rel=\"noopener\">norskstaal.hadocs.com<\/a><\/td>\n<\/tr>\n<tr>\n<td align=\"center\"><a href=\"http:\/\/promas-as.no\/\" target=\"_blank\" rel=\"noopener\"><img decoding=\"async\" class=\"\" style=\"max-width: 30%; width: 50%; height: auto; min-width: 100px !important;\" title=\"Promas AS\" src=\"\/wp-content\/uploads\/2018\/01\/logo.jpg\" alt=\"Promas AS\" \/><\/a><\/td>\n<td style=\"min-width: 154px; padding: 4px; vertical-align: middle;\"><a href=\"http:\/\/promas.hadocs.com\/\" target=\"_blank\" rel=\"noopener\">promas.hadocs.com<\/a><\/td>\n<\/tr>\n<tr>\n<td align=\"center\"><a href=\"http:\/\/www.rolflycke.com\" target=\"_blank\" rel=\"noopener\"><img decoding=\"async\" style=\"max-width: 30%; width: 50%; height: auto; min-width: 100px !important;\" title=\"Rolf Lycke as\" src=\"\/wp-content\/uploads\/2015\/12\/rolflycke-logo.png\" alt=\"Rolf Lycke as\" \/><\/a><\/td>\n<td><\/td>\n<\/tr>\n<tr>\n<td align=\"center\"><a href=\"http:\/\/robinet.no\/\" target=\"_blank\" rel=\"noopener\"><img decoding=\"async\" class=\"\" style=\"max-width: 30%; width: 50%; height: auto; min-width: 100px !important;\" title=\"Robinet as\" src=\"\/wp-content\/uploads\/2015\/12\/robinet_logo_valves_closer.jpg\" alt=\"Robinet as\" \/><\/a><\/td>\n<td style=\"min-width: 154px; padding: 4px; vertical-align: middle;\"><a href=\"http:\/\/robinet.hadocs.com\/\" target=\"_blank\" rel=\"noopener\">robinet.hadocs.com<\/a><\/td>\n<\/tr>\n<tr>\n<td align=\"center\"><a href=\"https:\/\/www.tubacexnorway.com\/\" target=\"_blank\" rel=\"noopener\"><img decoding=\"async\" class=\"\" style=\"max-width: 30%; width: 50%; height: auto; min-width: 100px !important;\" title=\"TSS Norway as\" src=\"\/wp-content\/uploads\/2023\/02\/tssNorwayLogo.jpg\" alt=\"TSS Norway as\" \/><\/a><\/td>\n<td style=\"min-width: 154px; padding: 4px; vertical-align: middle;\"><a href=\"http:\/\/tssnorway.hadocs.com\" target=\"_blank\" rel=\"noopener\">tssnorway.hadocs.com<\/a><\/td>\n<\/tr>\n<tr>\n<td align=\"center\"><a href=\"http:\/\/www.fordestaal.no\/\" target=\"_blank\" rel=\"noopener\"><img decoding=\"async\" class=\"\" style=\"max-width: 30%; width: 50%; height: auto; min-width: 100px !important;\" title=\"F\u00f8rde St\u00e5l as\" src=\"\/wp-content\/uploads\/2015\/12\/fordestaal-logo.jpg\" alt=\"F\u00f8rde St\u00e5l as\" \/><\/a><\/td>\n<td style=\"min-width: 154px; padding: 4px; vertical-align: middle;\"><a href=\"http:\/\/fordestaal.hadocs.com\/\" target=\"_blank\" rel=\"noopener\">fordestaal.hadocs.com<\/a><\/td>\n<\/tr>\n<\/tbody>\n<\/table>\n<p><\/p>","protected":false},"excerpt":{"rendered":"<p>Noen av v\u00e5re forn\u00f8yde kunder er oppf\u00f8rt nedenfor. Dersom du er kunde hos noen av disse kan du f\u00e5 dine materialsertifikater automatisk registrert inn i ditt system. Denne automatiseringen er laget for \u00e5 spare mest mulig manuelt arbeid for alle v\u00e5re kunder. &nbsp; Kunde Web portal smith.hadocs.com norskstaal.hadocs.com promas.hadocs.com robinet.hadocs.com tssnorway.hadocs.com fordestaal.hadocs.com<\/p>\n","protected":false},"author":1,"featured_media":0,"parent":0,"menu_order":0,"comment_status":"closed","ping_status":"closed","template":"","meta":{"footnotes":""},"categories":[],"tags":[],"_links":{"self":[{"href":"https:\/\/www.hadocs.com\/no\/wp-json\/wp\/v2\/pages\/961"}],"collection":[{"href":"https:\/\/www.hadocs.com\/no\/wp-json\/wp\/v2\/pages"}],"about":[{"href":"https:\/\/www.hadocs.com\/no\/wp-json\/wp\/v2\/types\/page"}],"author":[{"embeddable":true,"href":"https:\/\/www.hadocs.com\/no\/wp-json\/wp\/v2\/users\/1"}],"replies":[{"embeddable":true,"href":"https:\/\/www.hadocs.com\/no\/wp-json\/wp\/v2\/comments?post=961"}],"version-history":[{"count":9,"href":"https:\/\/www.hadocs.com\/no\/wp-json\/wp\/v2\/pages\/961\/revisions"}],"predecessor-version":[{"id":3765,"href":"https:\/\/www.hadocs.com\/no\/wp-json\/wp\/v2\/pages\/961\/revisions\/3765"}],"wp:attachment":[{"href":"https:\/\/www.hadocs.com\/no\/wp-json\/wp\/v2\/media?parent=961"}],"wp:term":[{"taxonomy":"category","embeddable":true,"href":"https:\/\/www.hadocs.com\/no\/wp-json\/wp\/v2\/categories?post=961"},{"taxonomy":"post_tag","embeddable":true,"href":"https:\/\/www.hadocs.com\/no\/wp-json\/wp\/v2\/tags?post=961"}],"curies":[{"name":"wp","href":"https:\/\/api.w.org\/{rel}","templated":true}]}}