{"id":621,"date":"2015-11-24T06:50:47","date_gmt":"2015-11-24T06:50:47","guid":{"rendered":"http:\/\/hadocswebsite.azurewebsites.net\/?page_id=621"},"modified":"2024-01-23T12:36:42","modified_gmt":"2024-01-23T11:36:42","slug":"about","status":"publish","type":"page","link":"https:\/\/www.hadocs.com\/no\/","title":{"rendered":"Hjem"},"content":{"rendered":"<p><\/p>\n<h1 style=\"text-align: center;\">Med HADocs er papirjakten over<\/h1>\n<p>HADocs forenkler dokumenth\u00e5ndtering for firmaet ditt, slik at dere kan fokusere p\u00e5 selskapets visjon, og ikke dokumentlogistikk. HADocs gir deg kontroll p\u00e5 inn- og utg\u00e5ende dokumenter ved \u00e5 gi deg en effektiv og elegant plattform som er skreddersydd for maksimal arbeidsflyt.<\/p>\n<p><em>M\u00e5let v\u00e5rt er \u00e5 str\u00f8mlinjeforme dokumenth\u00e5ndtering, slik at du kan bruke mer tid p\u00e5 kvalitet og god kundeservice<\/em><\/p>\n<h1>Spesialiserte systemer, laget for \u00e5 integreres<\/h1>\n<p><img decoding=\"async\" class=\"alignright\" style=\"float: right; max-width: 100%; width: 20%; height: auto;\" src=\"\/wp-content\/uploads\/2015\/11\/robot-puzzle.png\" alt=\"Robot Puzzle\" \/><br \/>\nHADocs er flere spesialiserte systemer for h\u00e5ndtering av b\u00e5de sm\u00e5 og store volum av alle typer dokumentasjon. Alle systemene er samlet som ulike moduler i \u00e9n programpakke, der de ulike modulene er laget for \u00e5 gi dere en best mulig arbeidsflyt, samtidig som disse er tett integrerte med hverandre. Vi har ogs\u00e5 laget et \u00e5pent data-utvekslingsformat (HADocs Open Data) som er laget for \u00e5 kunne utveksle databaseinformasjon mellom ulike kunder som bruker HADocs, men ogs\u00e5 med andre systemer som \u00f8nsker \u00e5 benytte dette formatet. Formatet er laget for \u00e5 b\u00e5de kunne utveksle informasjon om dokumenter samt komplette sett med standardiserte krav.<\/p>\n<p>V\u00e5re eksisterende kunder ser en markant \u00f8kning i produktivitet, grunnet HADocs sine s\u00f8ml\u00f8se integrasjoner med markedsledende systemer som:<\/p>\n<table style=\"max-width: 550px; border: 1px solid #ffffff;\" border=\"0\" cellspacing=\"0\" cellpadding=\"0\">\n<tbody>\n<tr>\n<td style=\"text-align: left; border: 1px solid #ffffff;\">\u25cf M3<\/td>\n<td style=\"text-align: left; border: 1px solid #ffffff;\">\u25cf SAP<\/td>\n<td style=\"text-align: left; border: 1px solid #ffffff;\">\u25cf Dynamics AX<\/td>\n<\/tr>\n<tr>\n<td style=\"text-align: left; border: 1px solid #ffffff;\">\u25cf Movex<\/td>\n<td style=\"text-align: left; border: 1px solid #ffffff;\">\u25cf BAS\/400<\/td>\n<td style=\"text-align: left; border: 1px solid #ffffff;\">\u25cf Dynamics NAV<\/td>\n<\/tr>\n<\/tbody>\n<\/table>\n<p>&nbsp;<\/p>\n<h1>Moduler<\/h1>\n<p>Vi tilbyr 4 moduler, spesialisert for ulike typer dokumentasjon. Dette gir en elegant og effektiv arbeidsflyt for dokumentasjonsavdelingen din.<\/p>\n<ul>\n<li><strong>Modul 1: Partidokumentasjon<\/strong>\n<ul>\n<li>F\u00e5 st\u00e5lkontroll p\u00e5 EN 10204 materialsertifikater<\/li>\n<li>Plattformen er lett \u00e5 tilpasse til enhver form for partidokumentasjon, uansett bransje.<\/li>\n<\/ul>\n<\/li>\n<li><strong>Modul 2: Artikkel og Artikkelgruppe-dokumentasjon<\/strong>\n<ul>\n<li>F.eks. brukerguider, dataark, nyhetsbrev m.m.<\/li>\n<\/ul>\n<\/li>\n<li><strong>Modul 3: Internt Arkiv<\/strong>\n<ul>\n<li>F.eks. firmadokumenter, sveisesertifikater, kontrakter, m.m.<\/li>\n<\/ul>\n<\/li>\n<li><strong>Modul 4: Prosjektdokumentasjon<\/strong>\n<ul>\n<li>Lagrer alle typer dokumenter per prosjekt. Kan trekke inn dokumenter fra de andre modulene.<\/li>\n<li>Lager for \u00e5 h\u00e5ndtere store dokumentpakker, f.eks. offshore riser pakker.<\/li>\n<\/ul>\n<\/li>\n<\/ul>\n<p>Alle de ulike modulene benytter i tillegg HADocs sine kraftige dokumentgeneratorer til \u00e5 b\u00e5de produsere nye dokumenter og sammenstille eksisterende.<\/p>\n<h1>Forenklet dokumenth\u00e5ndtering<\/h1>\n<p><img decoding=\"async\" style=\"max-width: 300px; width: 40%; height: auto; float: right; padding-left: 10px; margin-top: -10px;\" src=\"\/wp-content\/uploads\/2015\/12\/HADocs-wordcloud-Eng.png\" alt=\"HADocs-wordcloud\" \/><br \/>\nMed en gang lageret har rapportert varene pakket og klar for transport, kan HADocs automatisk finne og sende e-poster med de rette sertifikatene og artikkeldokumentene (dataark, bruksanvisninger, nyhetsbrev) til dine kunder. Samtidig blir de ogs\u00e5 gjort tilgjengelig for dine kunder i web-portalen. Driver dere vedlikehold kan dere velge om dokumentasjonen skal sendes ut til kundene etterhvert som de blir meldt brukt, eller dere kan velge \u00e5 bare f\u00e5 de gjort direkte tilgjengelige i modulen for prosjektdokumentasjon, slik at de ligger klar n\u00e5r dere skal lage sluttdokumentasjonen, slik som MRB-er.<\/p>\n<p>HADocs tilbyr en l\u00f8sning som lar brukerne effektivt lagre og verifisere informasjon om og i sertifikater. Dette muliggj\u00f8r automatiserte forsendelser, og gj\u00f8r dermed manuell h\u00e5ndtering etter sertifikat-verifikasjon valgfritt.<\/p>\n<p><em>HADocs gir ditt firma et forsprang p\u00e5 konkurrentene ved \u00e5 gi dine kunder dokumentasjon som er lettere \u00e5 h\u00e5ndtere.<\/em><\/p>\n<h1>Felles funksjoner<\/h1>\n<p>Alle modulene v\u00e5re har disse funksjonene:<\/p>\n<ul>\n<li>Avanserte s\u00f8keverkt\u00f8y<\/li>\n<li>Sporing av partier og dokumenter<\/li>\n<li>Kraftige generator for mal-basert produksjon og sammenstilling av dokumenter<\/li>\n<li>Drag\u2019n\u2019drop registrering av dokumenter og sertifikater<\/li>\n<li>St\u00f8tte for et \u00e5pent data-utvekslingsformat<\/li>\n<li>Web-portal med egen logo<\/li>\n<\/ul>\n<h1>Mer informasjon<\/h1>\n<p>For \u00e5 vise hva HADocs kan gj\u00f8re for ditt selskaps dokumenth\u00e5ndtering, se noen eksempler p\u00e5 v\u00e5re anbefalte arbeidsflyter for de f\u00f8lgende kundegruppene:<\/p>\n<ul>\n<li><a href=\"\/no\/wholesale\">Grossist \/ Lagerholder<\/a><\/li>\n<li><a href=\"\/no\/producer\">Produsent \/ Lagerholder<\/a><\/li>\n<li><a href=\"\/no\/servicemmo\">Service &amp; MMO<\/a><\/li>\n<\/ul>\n<p>For spesifikk informasjon om modulene, se under menyen Teknisk.<\/p>\n<h1 style=\"text-align: center;\">HADocs er et standardisert produkt for all dokumenth\u00e5ndtering<\/h1>\n<p style=\"text-align: center;\">Utviklet p\u00e5 bakgrunn av best-practice-l\u00f8sninger hos v\u00e5re kunder, med SkatteFUNN-st\u00f8tte fra Forskningsr\u00e5det.<\/p>\n<div style=\"text-align: center;\"><img decoding=\"async\" loading=\"lazy\" width=\"141\" height=\"200\" class=\"wp-image-301\" style=\"max-width: 160px; width: 40%; margin-right: 30px;\" src=\"\/wp-content\/uploads\/2015\/11\/tekst-under-farger-H200.png\" alt=\"\" \/><\/div>\n<p><\/p>","protected":false},"excerpt":{"rendered":"<p>Med HADocs er papirjakten over HADocs forenkler dokumenth\u00e5ndtering for firmaet ditt, slik at dere kan fokusere p\u00e5 selskapets visjon, og ikke dokumentlogistikk. HADocs gir deg kontroll p\u00e5 inn- og utg\u00e5ende dokumenter ved \u00e5 gi deg en effektiv og elegant plattform som er skreddersydd for maksimal arbeidsflyt. M\u00e5let v\u00e5rt er \u00e5 str\u00f8mlinjeforme dokumenth\u00e5ndtering, slik at du [&hellip;]<\/p>\n","protected":false},"author":1,"featured_media":0,"parent":0,"menu_order":0,"comment_status":"closed","ping_status":"closed","template":"","meta":{"footnotes":""},"categories":[],"tags":[],"_links":{"self":[{"href":"https:\/\/www.hadocs.com\/no\/wp-json\/wp\/v2\/pages\/621"}],"collection":[{"href":"https:\/\/www.hadocs.com\/no\/wp-json\/wp\/v2\/pages"}],"about":[{"href":"https:\/\/www.hadocs.com\/no\/wp-json\/wp\/v2\/types\/page"}],"author":[{"embeddable":true,"href":"https:\/\/www.hadocs.com\/no\/wp-json\/wp\/v2\/users\/1"}],"replies":[{"embeddable":true,"href":"https:\/\/www.hadocs.com\/no\/wp-json\/wp\/v2\/comments?post=621"}],"version-history":[{"count":5,"href":"https:\/\/www.hadocs.com\/no\/wp-json\/wp\/v2\/pages\/621\/revisions"}],"predecessor-version":[{"id":3758,"href":"https:\/\/www.hadocs.com\/no\/wp-json\/wp\/v2\/pages\/621\/revisions\/3758"}],"wp:attachment":[{"href":"https:\/\/www.hadocs.com\/no\/wp-json\/wp\/v2\/media?parent=621"}],"wp:term":[{"taxonomy":"category","embeddable":true,"href":"https:\/\/www.hadocs.com\/no\/wp-json\/wp\/v2\/categories?post=621"},{"taxonomy":"post_tag","embeddable":true,"href":"https:\/\/www.hadocs.com\/no\/wp-json\/wp\/v2\/tags?post=621"}],"curies":[{"name":"wp","href":"https:\/\/api.w.org\/{rel}","templated":true}]}}