{"id":601,"date":"2015-11-24T06:47:57","date_gmt":"2015-11-24T06:47:57","guid":{"rendered":"http:\/\/hadocswebsite.azurewebsites.net\/?page_id=601"},"modified":"2023-02-24T10:15:48","modified_gmt":"2023-02-24T09:15:48","slug":"contact","status":"publish","type":"page","link":"https:\/\/www.hadocs.com\/no\/contact\/","title":{"rendered":"Kontakt \/ Pr\u00f8ve"},"content":{"rendered":"<p>Hovedm\u00e5let til Theta Development har alltid v\u00e6rt \u00e5 gi den beste kundeservicen som er mulig. <img decoding=\"async\" loading=\"lazy\" width=\"141\" height=\"200\" class=\"alignright wp-image-301\" style=\"max-width: 100%; width: 14%;\" src=\"\/wp-content\/uploads\/2015\/11\/tekst-under-farger-H200.png\" alt=\"\" \/>Vi har et sterkt og profesjonelt milj\u00f8, enest\u00e5ende kjernekunnskaper og flere lange kundeforhold.<\/p>\n<p>HADocs er utviklet og markedsf\u00f8rt av Theta Development AS, en selvstendig bedrift som tilbyr programvareservice til ulike bransjer. Bedriften ble etablert i 2013 og er lokalisert i Bergen, Norge.<\/p>\n<p>Vi bestreber oss p\u00e5 \u00e5 skaffe de beste l\u00f8sninger til v\u00e5re kunders raskt skiftende behov&#8230;<\/p>\n<p>HADocs var tidligere kjent som DelfiCert og DelfiDoc Cert, og var da markedsf\u00f8rt og solgt av Delfi Data AS.<\/p>\n<h1>L\u00e6r mer om HADocs<\/h1>\n<p>Dersom du bruker tid p\u00e5 h\u00e5ndtering av materialsertifikater eller andre dokumenter vil HADocs hjelpe deg \u00e5 redusere tid og kostnader betraktelig, og samtidig \u00f8ke kvaliteten! Vennligst kontakt oss, s\u00e5 kan vi fortelle deg mer om hvordan du kan bruke mer tid p\u00e5 kundeservice og bruke mindre tid p\u00e5 rutinearbeid!<\/p>\n<p>Om du \u00f8nsker en personlig presentasjon av v\u00e5rt produkt, og en pr\u00f8veversjon, ikke n\u00f8l med \u00e5 ta kontakt.<\/p>\n<p>La HADocs ta vare p\u00e5 dine EN 10204-sertifikater!<\/p>\n<h1>Kontakt<\/h1>\n<p style=\"text-align: left;\"><strong>Adresse:<\/strong><!--<a href=\"http:\/\/fflive.bisnode.no\/811585092_NO_de2f88ac-69d1-4e94-9c62-6e53221ae658\"><img decoding=\"async\" style=\"float: right; max-width: 200px; width: 40%;\" src=\"https:\/\/ratinglogo.kredittverdig.no\/laurels\/livelogo_811585092.png\" \/><\/a>--><br \/>\nPostboks 30 Laksev\u00e5g<br \/>\n5847 Bergen<br \/>\nNorge<\/p>\n<p style=\"text-align: left;\">Sp\u00f8rsm\u00e5l: Vidar Lund, mobil +47 9944 3471<\/p>\n<p style=\"text-align: left;\">Send oss en e-post p\u00e5 <a href=\"mailto:info@thetadev.no\">info[at]thetadev.no<\/a>.<\/p>\n<p style=\"text-align: left;\">Facebook-siden v\u00e5r finner du her: <a href=\"https:\/\/www.facebook.com\/HADocs\" target=\"_blank\" rel=\"noopener noreferrer\">HADocs<\/a><\/p>\n<p style=\"text-align: left;\">\n<p><\/p>","protected":false},"excerpt":{"rendered":"<p>Hovedm\u00e5let til Theta Development har alltid v\u00e6rt \u00e5 gi den beste kundeservicen som er mulig. Vi har et sterkt og profesjonelt milj\u00f8, enest\u00e5ende kjernekunnskaper og flere lange kundeforhold. HADocs er utviklet og markedsf\u00f8rt av Theta Development AS, en selvstendig bedrift som tilbyr programvareservice til ulike bransjer. Bedriften ble etablert i 2013 og er lokalisert i [&hellip;]<\/p>\n","protected":false},"author":1,"featured_media":0,"parent":0,"menu_order":0,"comment_status":"closed","ping_status":"closed","template":"","meta":{"footnotes":""},"categories":[],"tags":[],"_links":{"self":[{"href":"https:\/\/www.hadocs.com\/no\/wp-json\/wp\/v2\/pages\/601"}],"collection":[{"href":"https:\/\/www.hadocs.com\/no\/wp-json\/wp\/v2\/pages"}],"about":[{"href":"https:\/\/www.hadocs.com\/no\/wp-json\/wp\/v2\/types\/page"}],"author":[{"embeddable":true,"href":"https:\/\/www.hadocs.com\/no\/wp-json\/wp\/v2\/users\/1"}],"replies":[{"embeddable":true,"href":"https:\/\/www.hadocs.com\/no\/wp-json\/wp\/v2\/comments?post=601"}],"version-history":[{"count":5,"href":"https:\/\/www.hadocs.com\/no\/wp-json\/wp\/v2\/pages\/601\/revisions"}],"predecessor-version":[{"id":3752,"href":"https:\/\/www.hadocs.com\/no\/wp-json\/wp\/v2\/pages\/601\/revisions\/3752"}],"wp:attachment":[{"href":"https:\/\/www.hadocs.com\/no\/wp-json\/wp\/v2\/media?parent=601"}],"wp:term":[{"taxonomy":"category","embeddable":true,"href":"https:\/\/www.hadocs.com\/no\/wp-json\/wp\/v2\/categories?post=601"},{"taxonomy":"post_tag","embeddable":true,"href":"https:\/\/www.hadocs.com\/no\/wp-json\/wp\/v2\/tags?post=601"}],"curies":[{"name":"wp","href":"https:\/\/api.w.org\/{rel}","templated":true}]}}