{"id":3424,"date":"2016-09-15T09:42:20","date_gmt":"2016-09-15T08:42:20","guid":{"rendered":"http:\/\/www.hadocs.com\/?page_id=3424"},"modified":"2018-08-08T12:00:51","modified_gmt":"2018-08-08T11:00:51","slug":"wholesale","status":"publish","type":"page","link":"https:\/\/www.hadocs.com\/no\/wholesale\/","title":{"rendered":"Grossist \/ lagerholder"},"content":{"rendered":"<p><\/p>\n<h1 style=\"text-align: center;\"><strong>Hvor mye ressurser bruker du<\/strong><\/h1>\n<h1 style=\"text-align: center;\"><strong>p\u00e5 \u00e5 finne og sende ut dokumentasjon?<\/strong><\/h1>\n<p>I den daglige driften sender selskapet ditt ut varer fra lager. N\u00e5r varene er sendt, er det s\u00e5 opp til QA\/Dokumentasjonsavdelingen \u00e5 finne og sende all dokumentasjon relatert til leveransen til kunden.<\/p>\n<p>Hva om et parti blir tilbakekalt? Om en kunde har mistet sin kopi av dokumentene? Med mange deler og varer, kunder og leveranser, kan ettersporingen av all den korrekte dokumentasjonen v\u00e6re veldig tidkrevende.<\/p>\n<p>Stadig \u00f8kende dokumentasjonskrav og dyrebare ressurser betyr at dokumentasjonsh\u00e5ndtering vil bli en enda st\u00f8rre utfordring fremover.<br \/>\nEr dere allerede n\u00e5 p\u00e5 et niv\u00e5 der det vil l\u00f8nne seg \u00e5 effektivisere h\u00e5ndteringen?<\/p>\n<h1>Ett enhetlig system for all dokumentasjon<\/h1>\n<p>Du trenger et system som:<\/p>\n<ul>\n<li>Har kraftige s\u00f8keverkt\u00f8y<\/li>\n<li>Raskt registrerer og arkiverer dokumenter via drag\u2019n\u2019drop<\/li>\n<li>St\u00f8tter et \u00e5pent data-utvekslingsformat\n<ul>\n<li><a href=\"https:\/\/github.com\/ThetaDev\/HADocsOpenData\">HADocs Open Data<\/a><\/li>\n<\/ul>\n<\/li>\n<li>Har spesialiserte arkiver for\n<ul>\n<li>Parti-dokumentasjon, som EN 10204 materialsertifikater<\/li>\n<li>Artikkeldokumenter, som brukermanualer, dataark, osv.<\/li>\n<\/ul>\n<\/li>\n<li>Er din egen virtuelle robot, som automatisk finner dokumentasjonen for en leveranse.<\/li>\n<li>Sporer dokumenter sendt i leveranser<\/li>\n<li>Automatisk gj\u00f8r dokumentene tilgjengelig for kundene dine<\/li>\n<li>S\u00f8ml\u00f8st integreres med dine eksisterende systemer<\/li>\n<li>Hjelper deg med \u00e5 verifisere produkter mot industristandarder.<\/li>\n<\/ul>\n<p>HADocs \u2013 Handling Automation of Documents, kan gj\u00f8re dette og mye mer.<\/p>\n<h1>Registrer dokumenter i HADocs, og utsendelsen blir automatisert<\/h1>\n<p>Med en gang lageret har rapportert varene klare for utsending, kan den virtuelle roboten HADocs automatisk finne og sende de korrekte partidokumentene, sertifikatene og artikkeldokumentene til kundene dine via epost. Du kan til og med legge ved nyhetsbrev eller flygeblad, f.eks for et spesifikt tidsrom. Samtidig er de ogs\u00e5 gjort tilgjengelige for kunden via din web-portal. HADocs st\u00f8tter til og med automatisk overf\u00f8ring mellom systemer.<\/p>\n<p>Automatisert utstedelse frigj\u00f8r ressurser, slik at QA-\/dokumentasjonsavdelingen kan fokusere mer p\u00e5 kvalitet og verifisering, n\u00e5r de registrerer dokumentene dine.<\/p>\n<p style=\"padding-left: 60px;\"><img decoding=\"async\" loading=\"lazy\" class=\"wp-image-1831 alignleft\" src=\"\/wp-content\/uploads\/2015\/11\/quote.png\" alt=\"quote\" width=\"43\" height=\"39\" srcset=\"https:\/\/hadocsnami.azurewebsites.net\/wp-content\/uploads\/2015\/11\/quote.png 359w, https:\/\/hadocsnami.azurewebsites.net\/wp-content\/uploads\/2015\/11\/quote-300x272.png 300w\" sizes=\"(max-width: 43px) 100vw, 43px\" \/><em>I registreringsbildet i HADocs f\u00e5r jeg se hele sertifikatet p\u00e5 skjermen. Det gir meg god oversikt n\u00e5r jeg registrerer sertifikater, og gj\u00f8r jobben b\u00e5de raskere og enklere.<\/em><\/p>\n<p style=\"padding-left: 90px;\"><em>&#8211; Heidi Anfindsen<br \/>\nTechnical Support HSEQ Responsible, Flux Norwegian Piping<\/em><\/p>\n<h1>Parti-\/EN10204 og Artikkeldokumenter forenklet &#8211; og mer<\/h1>\n<p>Den ovennevnte arbeidsflyten bruker HADocs sine moduler for Parti-\/Sertifikat og Artikkeldokumentasjon. Krever kundene dine st\u00f8rre dokumentpakker for prosjektene deres, slik som MRBer? HADocs tilbyr ogs\u00e5 en modul for \u00e5 h\u00e5ndtere komplett prosjektdokumentasjon og for \u00e5 lage st\u00f8rre dokumentpakker. Den har til og med et komplett Internt Dokumentarkiv, for \u00e5 h\u00e5ndtere dokumenter som ikke er direkte relatert til produkter.<\/p>\n<h1>HADocs er klar for \u00e5 hjelpe din bedrift til \u00e5 fungere knirkefritt<\/h1>\n<p>Om du ikke er overbevist enda, har HADocs flere spennende funksjoner:<\/p>\n<ul>\n<li>Web-portal med egen logo, for kunder, salgspersonell og andre ansatte<\/li>\n<li>Kraftige, fullt redigerbare maler for dokumentsammenstillinger.<\/li>\n<li>Forenklet og dokumenterende verifikasjon mot standarder (ASTM, NORSOK, TR2000, osv.)<\/li>\n<li>Laget for \u00e5 integreres med markedsledende systemer (Bl.a. SAP, M3, Movex, Dynamics AX og Dynamics NAV).<\/li>\n<li>Tilbys som skyl\u00f8sning eller for interne servere i bedriften.<\/li>\n<li>Revisjonskontroll<\/li>\n<li>Generer rapporter som PDFer eller Excel-filer.<\/li>\n<\/ul>\n<p>For flere detaljer, les v\u00e5re Tekniske sider.<br \/>\nFor en pr\u00f8veversjon eller mer informasjon om HADocs, vennligst se v\u00e5r <a href=\"\/no\/contact\">kontaktside<\/a>.<\/p>\n<p>Hvordan vil du l\u00f8se dokumentasjonsutfordringen, f\u00e5 et forsprang p\u00e5 konkurrentene og v\u00e6re forberedt for morgendagens krav?<\/p>\n<h1 style=\"text-align: center;\"><strong>Har du r\u00e5d til \u00e5 ikke bruke HADocs?<\/strong><\/h1>\n<p><\/p>","protected":false},"excerpt":{"rendered":"<p>Hvor mye ressurser bruker du p\u00e5 \u00e5 finne og sende ut dokumentasjon? I den daglige driften sender selskapet ditt ut varer fra lager. N\u00e5r varene er sendt, er det s\u00e5 opp til QA\/Dokumentasjonsavdelingen \u00e5 finne og sende all dokumentasjon relatert til leveransen til kunden. Hva om et parti blir tilbakekalt? Om en kunde har mistet [&hellip;]<\/p>\n","protected":false},"author":1,"featured_media":0,"parent":0,"menu_order":0,"comment_status":"closed","ping_status":"closed","template":"","meta":{"footnotes":""},"categories":[],"tags":[],"_links":{"self":[{"href":"https:\/\/www.hadocs.com\/no\/wp-json\/wp\/v2\/pages\/3424"}],"collection":[{"href":"https:\/\/www.hadocs.com\/no\/wp-json\/wp\/v2\/pages"}],"about":[{"href":"https:\/\/www.hadocs.com\/no\/wp-json\/wp\/v2\/types\/page"}],"author":[{"embeddable":true,"href":"https:\/\/www.hadocs.com\/no\/wp-json\/wp\/v2\/users\/1"}],"replies":[{"embeddable":true,"href":"https:\/\/www.hadocs.com\/no\/wp-json\/wp\/v2\/comments?post=3424"}],"version-history":[{"count":1,"href":"https:\/\/www.hadocs.com\/no\/wp-json\/wp\/v2\/pages\/3424\/revisions"}],"predecessor-version":[{"id":3671,"href":"https:\/\/www.hadocs.com\/no\/wp-json\/wp\/v2\/pages\/3424\/revisions\/3671"}],"wp:attachment":[{"href":"https:\/\/www.hadocs.com\/no\/wp-json\/wp\/v2\/media?parent=3424"}],"wp:term":[{"taxonomy":"category","embeddable":true,"href":"https:\/\/www.hadocs.com\/no\/wp-json\/wp\/v2\/categories?post=3424"},{"taxonomy":"post_tag","embeddable":true,"href":"https:\/\/www.hadocs.com\/no\/wp-json\/wp\/v2\/tags?post=3424"}],"curies":[{"name":"wp","href":"https:\/\/api.w.org\/{rel}","templated":true}]}}