{"id":3419,"date":"2016-09-15T09:42:20","date_gmt":"2016-09-15T08:42:20","guid":{"rendered":"http:\/\/www.hadocs.com\/?page_id=3419"},"modified":"2018-08-08T12:02:25","modified_gmt":"2018-08-08T11:02:25","slug":"servicemmo","status":"publish","type":"page","link":"https:\/\/www.hadocs.com\/no\/servicemmo\/","title":{"rendered":"Service &#038; MMO"},"content":{"rendered":"<p><\/p>\n<h1 style=\"text-align: center;\"><strong>Hvor mye ressurser bruker du<\/strong><\/h1>\n<h1 style=\"text-align: center;\"><strong>p\u00e5 dokumentasjon for prosjekter, deler og MRBer?<\/strong><\/h1>\n<p>Vedlikehold og modifikasjoner krever mye dokumenth\u00e5ndtering: tidligere dokumentpakker, inkludert dine egne standardiserte dokumenter, hente inn partidokumentasjon for deler som er byttet ut, revidere dokumenter, og generere nye komplette dokumentpakker.<\/p>\n<p>Hva om et parti blir tilbakekalt? Om en kunde har mistet sin kopi av dokumentene? Med mange deler og varer, kunder og leveranser, kan ettersporingen av all den korrekte dokumentasjonen v\u00e6re veldig tidkrevende.<\/p>\n<p>Stadig \u00f8kende dokumentasjonskrav og dyrebare ressurser betyr at dokumentasjonsh\u00e5ndtering vil bli en enda st\u00f8rre utfordring fremover.<br \/>\nEr dere allerede n\u00e5 p\u00e5 et niv\u00e5 der det vil l\u00f8nne seg \u00e5 effektivisere h\u00e5ndteringen?<\/p>\n<h1>Ett enhetlig system for all dokumentasjon<\/h1>\n<p>Du trenger et system som:<\/p>\n<ul>\n<li>Har kraftige s\u00f8keverkt\u00f8y<\/li>\n<li>Raskt registrerer og arkiverer dokumenter via drag\u2019n\u2019drop<\/li>\n<li>St\u00f8tter et \u00e5pent data-utvekslingsformat\n<ul>\n<li><a href=\"https:\/\/github.com\/ThetaDev\/HADocsOpenData\">HADocs Open Data<\/a><\/li>\n<\/ul>\n<\/li>\n<li>Har parti- og dokumentsporing<\/li>\n<li>Har spesialiserte arkiv for:\n<ul>\n<li>Prosjektdokumenter: alle typer<\/li>\n<li>Firmadokumenter: sveisesertifikater, CoC, osv.<\/li>\n<li>Partidokumentasjon: EN 10204 materialsertifikater<\/li>\n<li>Artikkeldokumenter: brukermanualer, dataark osv.<\/li>\n<\/ul>\n<\/li>\n<li>Er din egen virtuelle robot, som automatisk finner dokumentasjonen for en leveranse.<\/li>\n<li>\u00c5pner og splitter tidligere dokumentpakker i separate dokumenter<\/li>\n<li>H\u00e5ndterer dokumentpakker fra b\u00e5de produksjon og tidligere vedlikehold\n<ul>\n<li>H\u00e5ndterer revisjoner av b\u00e5de dokumenter og dokumentpakker<\/li>\n<\/ul>\n<\/li>\n<li>Genererer dokumentpakker slik kundene \u00f8nsker de, med redigerbare maler.<\/li>\n<li>S\u00f8ml\u00f8st integreres med dine eksisterende systemer<\/li>\n<\/ul>\n<p>HADocs \u2013 Handling Automation of Documents, kan gj\u00f8re dette og mye mer.<\/p>\n<p><em>HADocs er klar til \u00e5 hjelpe din bedrift med \u00e5 n\u00e5 nye niv\u00e5 av effektivitet og kontroll for alle dine behov for h\u00e5ndtering av dokumenter.<\/em><\/p>\n<h1>Med HADocs er papirjakten over<\/h1>\n<p>Dokumentpakker fra produksjon eller tidligere vedlikehold kan gj\u00f8res sporbare og fullt s\u00f8kbare. Med HADocs sin \u00e5pne-og-splitt funksjonalitet, blir h\u00e5ndteringen av tidligere dokumentpakker enklere enn noensinne. Den virtuelle roboten HADocs finner partidokumentasjonen for delen som er byttet ut, slik at du raskt kan sammenstille en ny, oppdatert dokumentpakke. Det sparer ikke deg bare for tid, men kvaliteten forringes ikke og alt er s\u00f8kbart og sporbart. Vi har til og med et spesialisert arkiv for firmadokumenter, som kan inkluderes i flere typer pakker.<\/p>\n<p>Du kan registrere dokumentasjonen for alle innkj\u00f8pte varer i spesialiserte arkiv, f.eks. arkiver for Parti- og Artikkeldokumentasjon, som gir deg ekstra verkt\u00f8y til \u00e5 kontrollere og h\u00e5ndtere disse typene dokumentasjon.<\/p>\n<p><img decoding=\"async\" loading=\"lazy\" class=\"wp-image-1831 alignleft\" src=\"\/wp-content\/uploads\/2015\/11\/quote.png\" alt=\"quote\" width=\"43\" height=\"39\" srcset=\"https:\/\/hadocsnami.azurewebsites.net\/wp-content\/uploads\/2015\/11\/quote.png 359w, https:\/\/hadocsnami.azurewebsites.net\/wp-content\/uploads\/2015\/11\/quote-300x272.png 300w\" sizes=\"(max-width: 43px) 100vw, 43px\" \/><em>HADocs har gjort v\u00e5re MRBer mer oversiktlige, og samtidig redusert tiden det tar \u00e5 sette de sammen<br \/>\n<strong>fra 3 dagsverk til under 10 minutter.<\/strong><\/em><\/p>\n<p style=\"padding-left: 90px;\"><em>&#8211; Kjetil Jondahl<br \/>\nTechnical Manager, Flux Norwegian Piping<\/em><\/p>\n<h1>Lag dokumentpakker i storformat<\/h1>\n<p>HADocs har en kraftig generator som kan sammenstille store dokumentpakker eller sett med dokumenter ved behov. Motoren bruker redigerbare maler til \u00e5 sammenstille pakkene, skreddersydd til dine kunders \u00f8nsker. N\u00e5r du lager malene, definerer du dokumentets form, innhold og indekser for den ferdige pakken.<\/p>\n<p>En av kundene v\u00e5re brukte HADocs til \u00e5 sammenstille en fullt s\u00f8kbar, indeksert og bokmerket dokumentpakke p\u00e5 7.000 sider p\u00e5 \u03c0 minutter (3,14 minutter).<\/p>\n<p><img decoding=\"async\" loading=\"lazy\" width=\"2840\" height=\"2680\" class=\"wp-image-2351 alignleft\" style=\"float: left; max-width: 100%; width: 10%; height: auto;\" src=\"\/wp-content\/uploads\/2015\/11\/coffee_drink_cup.jpg\" alt=\"\" srcset=\"https:\/\/hadocsnami.azurewebsites.net\/wp-content\/uploads\/2015\/11\/coffee_drink_cup.jpg 2840w, https:\/\/hadocsnami.azurewebsites.net\/wp-content\/uploads\/2015\/11\/coffee_drink_cup-300x283.jpg 300w, https:\/\/hadocsnami.azurewebsites.net\/wp-content\/uploads\/2015\/11\/coffee_drink_cup-768x725.jpg 768w, https:\/\/hadocsnami.azurewebsites.net\/wp-content\/uploads\/2015\/11\/coffee_drink_cup-1024x966.jpg 1024w, https:\/\/hadocsnami.azurewebsites.net\/wp-content\/uploads\/2015\/11\/coffee_drink_cup-1200x1132.jpg 1200w\" sizes=\"(max-width: 2840px) 100vw, 2840px\" \/><\/p>\n<p><span style=\"font-size: 12pt;\"><em>Hente en kopp kaffe mens<\/em><\/span><br \/>\n<span style=\"font-size: 12pt;\"><em>HADocs sammenstiller MRBen din?<\/em><\/span><br \/>\n<span style=\"color: #ea8a35;\"><strong><em><span style=\"font-size: 12pt;\">Da m\u00e5 du l\u00f8pe!<\/span><\/em><\/strong><\/span><\/p>\n<h1>Forenklet Dokumentstyring<\/h1>\n<p>Siden brukergrensesnittet til HADocs er basert p\u00e5 Microsoft Windows, vil det kjennes s\u00e5 intuitivt at du ikke vil trenge noe s\u00e6rlig oppl\u00e6ring. Alt vi har lagt til, er for \u00e5 forbedre din arbeidsflyt ved h\u00e5ndtering av store mengder dokumenter og deres tilh\u00f8rende revisjoner.<\/p>\n<p>HADocs har til og med et komplett Internt Dokumentarkiv, for \u00e5 h\u00e5ndtere dokumenter som ikke er direkte relatert til produkter.<\/p>\n<h1>HADocs er klar for \u00e5 hjelpe din bedrift til \u00e5 fungere knirkefritt<\/h1>\n<p>Om du ikke er overbevist enda, har HADocs flere spennende funksjoner:<\/p>\n<ul>\n<li>Web-portal med egen logo, for kunder, salgspersonell og andre ansatte<\/li>\n<li>Kraftige, fullt redigerbare maler for dokumentsammenstillinger.<\/li>\n<li>Forenklet og dokumenterende verifikasjon mot standarder (ASTM, NORSOK, TR2000, osv.)<\/li>\n<li>Laget for \u00e5 integreres med markedsledende systemer (Bl.a. SAP, M3, Movex, Dynamics AX og Dynamics NAV).<\/li>\n<li>Tilbys som skyl\u00f8sning eller for interne servere i bedriften.<\/li>\n<li>Revisjonskontroll<\/li>\n<li>Generer rapporter som PDFer eller Excel-filer.<\/li>\n<\/ul>\n<p>For flere detaljer, les v\u00e5re Tekniske sider.<br \/>\nFor en pr\u00f8veversjon eller mer informasjon om HADocs, vennligst se v\u00e5r <a href=\"\/no\/contact\">kontaktside<\/a>.<\/p>\n<p>Hvordan vil du l\u00f8se dokumentasjonsutfordringen, f\u00e5 et forsprang p\u00e5 konkurrentene og v\u00e6re forberedt for morgendagens krav?<\/p>\n<h1 style=\"text-align: center;\"><strong>Har du r\u00e5d til \u00e5 ikke bruke HADocs?<\/strong><\/h1>\n<p><\/p>","protected":false},"excerpt":{"rendered":"<p>Hvor mye ressurser bruker du p\u00e5 dokumentasjon for prosjekter, deler og MRBer? Vedlikehold og modifikasjoner krever mye dokumenth\u00e5ndtering: tidligere dokumentpakker, inkludert dine egne standardiserte dokumenter, hente inn partidokumentasjon for deler som er byttet ut, revidere dokumenter, og generere nye komplette dokumentpakker. Hva om et parti blir tilbakekalt? Om en kunde har mistet sin kopi av [&hellip;]<\/p>\n","protected":false},"author":1,"featured_media":0,"parent":0,"menu_order":0,"comment_status":"closed","ping_status":"closed","template":"","meta":{"footnotes":""},"categories":[],"tags":[],"_links":{"self":[{"href":"https:\/\/www.hadocs.com\/no\/wp-json\/wp\/v2\/pages\/3419"}],"collection":[{"href":"https:\/\/www.hadocs.com\/no\/wp-json\/wp\/v2\/pages"}],"about":[{"href":"https:\/\/www.hadocs.com\/no\/wp-json\/wp\/v2\/types\/page"}],"author":[{"embeddable":true,"href":"https:\/\/www.hadocs.com\/no\/wp-json\/wp\/v2\/users\/1"}],"replies":[{"embeddable":true,"href":"https:\/\/www.hadocs.com\/no\/wp-json\/wp\/v2\/comments?post=3419"}],"version-history":[{"count":1,"href":"https:\/\/www.hadocs.com\/no\/wp-json\/wp\/v2\/pages\/3419\/revisions"}],"predecessor-version":[{"id":3675,"href":"https:\/\/www.hadocs.com\/no\/wp-json\/wp\/v2\/pages\/3419\/revisions\/3675"}],"wp:attachment":[{"href":"https:\/\/www.hadocs.com\/no\/wp-json\/wp\/v2\/media?parent=3419"}],"wp:term":[{"taxonomy":"category","embeddable":true,"href":"https:\/\/www.hadocs.com\/no\/wp-json\/wp\/v2\/categories?post=3419"},{"taxonomy":"post_tag","embeddable":true,"href":"https:\/\/www.hadocs.com\/no\/wp-json\/wp\/v2\/tags?post=3419"}],"curies":[{"name":"wp","href":"https:\/\/api.w.org\/{rel}","templated":true}]}}