{"id":3413,"date":"2016-09-15T09:42:19","date_gmt":"2016-09-15T08:42:19","guid":{"rendered":"http:\/\/www.hadocs.com\/?page_id=3413"},"modified":"2018-08-08T11:58:42","modified_gmt":"2018-08-08T10:58:42","slug":"producer","status":"publish","type":"page","link":"https:\/\/www.hadocs.com\/no\/producer\/","title":{"rendered":"Produsent \/ Lagerholder"},"content":{"rendered":"<p><\/p>\n<h1 style=\"text-align: center;\"><strong>Hvor mye ressurser bruker du<\/strong><\/h1>\n<h1 style=\"text-align: center;\"><strong>p\u00e5 \u00e5 finne, sammenstille og sende ut dokumentasjon?<\/strong><\/h1>\n<p>Produsenter og lagerholdere h\u00e5ndterer mange typer dokumenter hver dag: Innkommende dokumentasjon for deler og lagervarer, lage dokumentasjon for de sammensatte produktene du lager og sammenstille komplette dokumentpakker for leverte varer. Til slutt skal disse dokumentene gj\u00f8res tilgjengelige for kunden.<\/p>\n<p>Hva om et parti blir tilbakekalt? Om en kunde har mistet sin kopi av dokumentene? Med mange deler og varer, kunder og leveranser, kan det v\u00e6re veldig tidkrevende \u00e5 lete frem all den korrekte dokumentasjonen.<\/p>\n<p>Stadig \u00f8kende dokumentasjonskrav og dyrebare ressurser betyr at dokumentasjonsh\u00e5ndtering vil bli en enda st\u00f8rre utfordring fremover.<br \/>\nEr dere allerede n\u00e5 p\u00e5 et niv\u00e5 der det vil l\u00f8nne seg \u00e5 effektivisere h\u00e5ndteringen?<\/p>\n<h1>Ett enhetlig system for all dokumentasjon<\/h1>\n<p>Du trenger et system som:<\/p>\n<ul>\n<li>Har kraftige s\u00f8keverkt\u00f8y<\/li>\n<li>Raskt sammenstiller dokumentpakker for produkter og partier<\/li>\n<li>Raskt registrerer og arkiverer dokumenter via drag\u2019n\u2019drop<\/li>\n<li>St\u00f8tter et \u00e5pent data-utvekslingsformat\n<ul>\n<li><a href=\"https:\/\/github.com\/ThetaDev\/HADocsOpenData\">HADocs Open Data<\/a><\/li>\n<\/ul>\n<\/li>\n<li>Har spesialiserte arkiver for\n<ul>\n<li>Parti-dokumentasjon, som EN 10204 materialsertifikater<\/li>\n<li>Artikkeldokumenter, som brukermanualer, dataark, osv.<\/li>\n<\/ul>\n<\/li>\n<li>Er din egen virtuelle robot, som automatisk finner dokumentasjonen for en leveranse.<\/li>\n<li>Sporer dokumenter sendt i leveranser<\/li>\n<li>Automatisk gj\u00f8r dokumentene tilgjengelig for kundene dine<\/li>\n<li>St\u00f8tter dokumentpakke-hierarkier<\/li>\n<li>Samler produkt- og artikkeltype-dokumenter i master-pakker med sub-pakker for produksjonsparti.<\/li>\n<li>Genererer dokumentpakker slik kundene \u00f8nsker de, med redigerbare maler.<\/li>\n<li>S\u00f8ml\u00f8st integreres med dine eksisterende systemer<\/li>\n<\/ul>\n<p>HADocs \u2013 Handling Automation of Documents, kan gj\u00f8re dette og mye mer.<\/p>\n<p><em>Generere dokumentpakke p\u00e5 7000 sider? Vent \u03c0 minutter!<\/em><\/p>\n<h1>Med HADocs er papirjakten over<\/h1>\n<p>N\u00e5r du mottar basis produkter og deler, kan du registrere dokumentasjonen deres i HADocs. N\u00e5r det sammensatte produktet er ferdig, kan HADocs hjelpe deg med \u00e5 sammenstille dokumentasjonen for det ferdige produktet.<\/p>\n<p>Du kan registrere alle felles dokumenter for en varetype i en master-pakke. S\u00e5 lager du sub-pakker, som bruker de felles dokumentene, hvor du ogs\u00e5 registrerer dokumentasjonen for alle delene brukt i dette partiet. Du skal bare trenge \u00e5 utf\u00f8re kvalitetssjekken og verifikasjonen den f\u00f8rste gangen du registrerer et dokument.<\/p>\n<p><em>HADocs er klar til \u00e5 hjelpe din bedrift med \u00e5 n\u00e5 nye niv\u00e5 av effektivitet og kontroll, for alle dine behov for h\u00e5ndtering av dokumenter.<\/em><\/p>\n<h1>Registrer dokumenter i HADocs, og utsendelsen blir automatisert<\/h1>\n<p>Med en gang lageret har rapportert varene klare for utsending, kan den virtuelle roboten HADocs automatisk finne og sende de korrekte partidokumentene, sertifikatene og artikkeldokumentene til kundene dine via epost. Du kan til og med legge ved nyhetsbrev eller flygeblad, f.eks. for et spesifikt tidsrom. Samtidig er de ogs\u00e5 gjort tilgjengelige for kunden via din web-portal. HADocs st\u00f8tter til og med automatisk overf\u00f8ring mellom systemer.<\/p>\n<p>Automatisert utstedelse frigj\u00f8r ressurser, slik at QA-\/dokumentasjonsavdelingen kan fokusere mer p\u00e5 kvalitet og verifisering, n\u00e5r de registrerer dokumentene dine.<\/p>\n<p><img decoding=\"async\" loading=\"lazy\" width=\"2840\" height=\"2680\" class=\"wp-image-2351 alignleft\" style=\"float: left; max-width: 100%; width: 10%; height: auto;\" src=\"\/wp-content\/uploads\/2015\/11\/coffee_drink_cup.jpg\" alt=\"\" srcset=\"https:\/\/hadocsnami.azurewebsites.net\/wp-content\/uploads\/2015\/11\/coffee_drink_cup.jpg 2840w, https:\/\/hadocsnami.azurewebsites.net\/wp-content\/uploads\/2015\/11\/coffee_drink_cup-300x283.jpg 300w, https:\/\/hadocsnami.azurewebsites.net\/wp-content\/uploads\/2015\/11\/coffee_drink_cup-768x725.jpg 768w, https:\/\/hadocsnami.azurewebsites.net\/wp-content\/uploads\/2015\/11\/coffee_drink_cup-1024x966.jpg 1024w, https:\/\/hadocsnami.azurewebsites.net\/wp-content\/uploads\/2015\/11\/coffee_drink_cup-1200x1132.jpg 1200w\" sizes=\"(max-width: 2840px) 100vw, 2840px\" \/><\/p>\n<p><span style=\"font-size: 12pt;\"><em>Hente en kopp kaffe mens<\/em><\/span><br \/>\n<span style=\"font-size: 12pt;\"><em>HADocs sammenstiller MRBen din?<\/em><\/span><br \/>\n<span style=\"color: #ea8a35;\"><strong><em><span style=\"font-size: 12pt;\">Da m\u00e5 du l\u00f8pe!<\/span><\/em><\/strong><\/span><\/p>\n<h1>Forenklet Dokumentstyring<\/h1>\n<p>Siden brukergrensesnittet til HADocs er basert p\u00e5 Microsoft Windows, vil det kjennes s\u00e5 intuitivt at du ikke vil trenge noe s\u00e6rlig oppl\u00e6ring. Alt vi har lagt til, er for \u00e5 forbedre arbeidsflyten din ved h\u00e5ndtering av store mengder dokumenter og revisjoner av disse.<\/p>\n<p>HADocs har til og med et komplett Internt Dokumentarkiv, for \u00e5 h\u00e5ndtere dokumenter som ikke er direkte relatert til produkter.<\/p>\n<h1>HADocs er klar for \u00e5 hjelpe din bedrift til \u00e5 fungere knirkefritt<\/h1>\n<p>Om du ikke er overbevist enda, har HADocs flere spennende funksjoner:<\/p>\n<ul>\n<li>Web-portal med egen logo, for kunder, salgspersonell og andre ansatte<\/li>\n<li>Kraftige, fullt redigerbare maler for dokumentsammenstillinger.<\/li>\n<li>Forenklet og dokumenterende verifikasjon mot standarder (ASTM, NORSOK, TR2000, osv.)<\/li>\n<li>Laget for \u00e5 integreres med markedsledende systemer (Bl.a. SAP, M3, Movex, Dynamics AX og Dynamics NAV).<\/li>\n<li>Tilbys som skyl\u00f8sning eller for interne servere i bedriften.<\/li>\n<li>Revisjonskontroll<\/li>\n<li>Generer rapporter som PDFer eller Excel-filer.<\/li>\n<\/ul>\n<p>For flere detaljer, les v\u00e5re Tekniske sider.<br \/>\nFor en pr\u00f8veversjon eller mer informasjon om HADocs, vennligst se v\u00e5r <a href=\"\/no\/contact\">kontaktside<\/a>.<\/p>\n<p>Hvordan vil du l\u00f8se dokumentasjonsutfordringen, f\u00e5 et forsprang p\u00e5 konkurrentene og v\u00e6re forberedt for morgendagens krav?<\/p>\n<h1 style=\"text-align: center;\"><strong>Har du r\u00e5d til \u00e5 ikke bruke HADocs?<\/strong><\/h1>\n<p><\/p>","protected":false},"excerpt":{"rendered":"<p>Hvor mye ressurser bruker du p\u00e5 \u00e5 finne, sammenstille og sende ut dokumentasjon? Produsenter og lagerholdere h\u00e5ndterer mange typer dokumenter hver dag: Innkommende dokumentasjon for deler og lagervarer, lage dokumentasjon for de sammensatte produktene du lager og sammenstille komplette dokumentpakker for leverte varer. Til slutt skal disse dokumentene gj\u00f8res tilgjengelige for kunden. Hva om et [&hellip;]<\/p>\n","protected":false},"author":1,"featured_media":0,"parent":0,"menu_order":0,"comment_status":"closed","ping_status":"closed","template":"","meta":{"footnotes":""},"categories":[],"tags":[],"_links":{"self":[{"href":"https:\/\/www.hadocs.com\/no\/wp-json\/wp\/v2\/pages\/3413"}],"collection":[{"href":"https:\/\/www.hadocs.com\/no\/wp-json\/wp\/v2\/pages"}],"about":[{"href":"https:\/\/www.hadocs.com\/no\/wp-json\/wp\/v2\/types\/page"}],"author":[{"embeddable":true,"href":"https:\/\/www.hadocs.com\/no\/wp-json\/wp\/v2\/users\/1"}],"replies":[{"embeddable":true,"href":"https:\/\/www.hadocs.com\/no\/wp-json\/wp\/v2\/comments?post=3413"}],"version-history":[{"count":1,"href":"https:\/\/www.hadocs.com\/no\/wp-json\/wp\/v2\/pages\/3413\/revisions"}],"predecessor-version":[{"id":3668,"href":"https:\/\/www.hadocs.com\/no\/wp-json\/wp\/v2\/pages\/3413\/revisions\/3668"}],"wp:attachment":[{"href":"https:\/\/www.hadocs.com\/no\/wp-json\/wp\/v2\/media?parent=3413"}],"wp:term":[{"taxonomy":"category","embeddable":true,"href":"https:\/\/www.hadocs.com\/no\/wp-json\/wp\/v2\/categories?post=3413"},{"taxonomy":"post_tag","embeddable":true,"href":"https:\/\/www.hadocs.com\/no\/wp-json\/wp\/v2\/tags?post=3413"}],"curies":[{"name":"wp","href":"https:\/\/api.w.org\/{rel}","templated":true}]}}