{"id":1021,"date":"2015-11-27T05:08:26","date_gmt":"2015-11-27T05:08:26","guid":{"rendered":"http:\/\/hadocswebsite.azurewebsites.net\/?page_id=1021"},"modified":"2018-08-08T11:56:00","modified_gmt":"2018-08-08T10:56:00","slug":"en-10204","status":"publish","type":"page","link":"https:\/\/www.hadocs.com\/no\/en-10204\/","title":{"rendered":"Dokumenth\u00e5ndtering og utsendelse forenklet"},"content":{"rendered":"<p><\/p>\n<h1>Registrer dokumenter i HADocs, og utsendelsen blir automatisert<\/h1>\n<p>Uansett om det er <i>Artikkeldokumenter<\/i> som Brukermanualer og Dataark, eller <i>Partidokumentasjon<\/i> som Materialsertifikater, har HADocs et godt brukergrensesnitt for \u00e5 registrere disse. N\u00e5r varene er klare til levering, vil HADocs automatisk finne alle samsvarende dokumenter og sende disse til kundene, slik de \u00f8nsker \u00e5 motta dem. I tillegg kan du ha hierarkier for dine Artikkeldokumenter, f.eks. om du har noen dokumenter som gjelder alle produkter i en spesifikk produktgruppe. Du kan til og med legge til nyhetsbrev eller reklamehefter, som bare skal sendes i en gitt tidsperiode.<\/p>\n<h1>EN 10204 Materialsertifikater forenklet<\/h1>\n<p>HADocs er en funksjonsrik og fleksibel applikasjon. Dette gj\u00f8r den til en optimal l\u00f8sning for h\u00f8ndtering av partidokumentasjon, slik som EN 10204 Materialsertifikater:<\/p>\n<ul>\n<li>Standardiserte felt for informasjon, metadata og sporbarhet<\/li>\n<li>Finn sertifikater basert p\u00e5 hvilken som helst informasjon du har for h\u00e5nden, som heat-nummer og\/eller artikkelnummer<\/li>\n<li>V\u00e5re avanserte s\u00f8keverkt\u00f8y inkluderer ogs\u00e5 muligheter til \u00e5 s\u00f8ke med flere vanlige skrivefeil<\/li>\n<li>Koble sertifikater til kunder, prosjekter, leveranser og ordrer<\/li>\n<li>Send dine kunders sertifikater automatisk n\u00e5r varene er pakket<\/li>\n<li>Genererte oppsummerings-PDFer og topptekster med din logo, som en samlet PDF, eller som flere PDFer i en ZIP-fil<\/li>\n<li>Web-portal for dine kunder, lagerarbeidere og salgspersonale<\/li>\n<li>La leverand\u00f8rene laste opp sertifikater direkte til din HADocs<\/li>\n<li>Integrer lett med popul\u00e6re system (SAP, M3, Movex, BAS\/400, Dynamics AX, og andre)<\/li>\n<\/ul>\n<p>HADocs inkluderer ogs\u00e5 rapporter som Sertifikater Inn\/Ut, Sertifikater per kunde, Kundeprosjekt, Leverand\u00f8r eller Produsent, og aggregater av mekaniske og kjemiske verdier over tid for Leverand\u00f8r eller Produsent.<\/p>\n<p style=\"padding-left: 30px;\"><em>Automatisering gir deg et forsprang p\u00e5 konkurrentene dine.<\/em><\/p>\n<p style=\"padding-left: 30px;\"><em>Automatisering som gj\u00f8r livet enklere for dine kunder, gir deg en enorm fordel.<\/em><\/p>\n<p style=\"padding-left: 30px;\"><em>HADocs gir deg begge deler.<\/em><\/p>\n<h1>Effektiv sertifikatregistrering<\/h1>\n<p>Drag-and-drop mottatte PDFer eller andre sertifikatfiler inn i HADocs. Hent ut informasjon effektivt fra ditt ordresystem ved hjelp av integrasjoner. Ved bruk av PO-nummer og linjenummer, kan HADocs trekke ut informasjonen du trenger, og b\u00e5de spare deg for manuell registrering og \u00f8ke n\u00f8yaktigheten.<br \/>\n<em>Kundene elsker HADocs&#8217; sertifikath\u00e5ndtering:<\/em><\/p>\n<p style=\"padding-left: 60px;\"><img decoding=\"async\" loading=\"lazy\" class=\"wp-image-1831 alignleft\" src=\"\/wp-content\/uploads\/2015\/11\/quote.png\" alt=\"quote\" width=\"43\" height=\"39\" srcset=\"https:\/\/hadocsnami.azurewebsites.net\/wp-content\/uploads\/2015\/11\/quote.png 359w, https:\/\/hadocsnami.azurewebsites.net\/wp-content\/uploads\/2015\/11\/quote-300x272.png 300w\" sizes=\"(max-width: 43px) 100vw, 43px\" \/><em>I registreringsbildet i HADocs f\u00e5r jeg se hele sertifikatet p\u00e5 skjermen. Det gir meg god oversikt n\u00e5r jeg registrerer sertifikater, og gj\u00f8r jobben b\u00e5de raskere og enklere.<\/em><\/p>\n<p style=\"padding-left: 90px;\"><em>&#8211; Heidi Anfindsen<br \/>\nTechnical Support HSEQ Responsible, Flux Norwegian Piping<\/em><\/p>\n<h1>Kontroll mot standarder &#8211; Forenklet og dokumenterende<\/h1>\n<p>Krav definert i standardene overlapper ofte, og medf\u00f8rer ofte kostbart og inneffektivt dobbeltarbeid. \u00c5 holde styr p\u00e5 de ulike spesifikasjoner er tidkrevende, og er heller ikke god utnyttelse av en ansatts tid. HADocs lar deg lagre og administrere relevante krav fra ulike standarder som ASTM, Norsok, TR2000, kundenes eller dine egne. \u00c5 l\u00e6re opp nye ansatte til \u00e5 bruke de lagrede kravene er mye raskere enn \u00e5 l\u00e6re dem alt de trenger \u00e5 vite om standardene.<\/p>\n<p><em>N\u00e5r du kontrollerer i HADocs, dokumenterer du ogs\u00e5 hva du har verifisert mot, og kan i tillegg hente ut rapporter basert p\u00e5 denne informasjonen.<\/em><\/p>\n<h1>Noen gang trengt \u00e5 verifisere et sertifikat mot flere nye krav?<\/h1>\n<p>HADocs lar deg gj\u00f8re dette med kun f\u00e5 tastetrykk. Gj\u00f8r jobben enklere og frigj\u00f8r dyrebar tid. Nye og reviderte krav medf\u00f8rer ikke lenger en tidkrevende kontrolleringsjobb. Bare legg de nye spesifikasjonene inn i HADocs, \u00e5pne sertifikatet og legg til kravene. Vi planlegger \u00e5 la deg s\u00f8ke etter sertifikater som oppfyller de nye spesifikasjonene.<\/p>\n<p><em>Forestill deg at du kan utf\u00f8re et automatisk s\u00f8k som finner alle varer du har p\u00e5 lager som tilfredsstiller spesifikasjoner som din potensielt nye store kunde akkurat har sendt deg til sitt aller nyeste prosjekt&#8230;<\/em><\/p>\n<h1>Dokument\u00e9r leveranser lettere enn noensinne<\/h1>\n<p>\u00c5 legge ved det rette sertifikatet til den rette leveransen er kritisk. \u00c5 kunne bekrefte at du inkluderte det rette sertifikatet til den rette leveransen er enda mer kritisk.<\/p>\n<p>HADocs holder styr p\u00e5 ordrer og forsendelser slik at du kan s\u00f8ke etter dokumentasjon ved \u00e5 bruke leveranseinformasjon, kundens ordrenummer, prosjektnavn, eller annen relevant informasjon.<\/p>\n<p>\u00c5 finne alle steder et sertifikat har blitt sendt til, krever n\u00e5 kun et enkelt museklikk.<\/p>\n<h1>Automatis\u00e9r utsending av sertifikater og dokumenter<\/h1>\n<p>HADocs integrerer s\u00e5 s\u00f8ml\u00f8st med ledende lagerprogramvare at du ikke kan gj\u00f8re annet enn \u00e5 benytte deg av dets fulle evne.<\/p>\n<p>Automatis\u00e9r prosessen med utsending av all dokumentasjon &#8211; HADocs importerer informasjon fra pakksedler, finner det korrekte sertifikatet og artikkeldokumentene, lager en dokumentasjonspakke som inkluderer ordreinformasjon, og sender dokumentene p\u00e5 e-post. Bruker dine kunder HADocs, kan du til og med sende informasjonen direkte til deres database. Samtidig blir dokumentene gjort tilgjengelig for kunden i web-portalen.<\/p>\n<h1>Web-portalen<\/h1>\n<p>Kontinuerlig tilgang til kritisk sertifikatinformasjon er et grunnleggende krav i dagens 24-7 internasjonale forretningsdrift. HADocs har en brukervennlig web-portal som er sv\u00e6rt sikker og lar kunder, selgere og ansatte \u00e5 s\u00f8ke opp og laste ned alle sertifikater som de har f\u00e5tt tilgang til.<\/p>\n<p>Integr\u00e9r leverand\u00f8rer med denne kraftige motoren og du har virkelig en plattform du kan v\u00e6re stolt av.<\/p>\n<h1>Webservice-basert integrasjonslag<\/h1>\n<p>Med HADocs kan du utvikle egne integrasjoner mot systemet, slik at materialsertifikatene blir tilgjengelig i dine IT-systemer.<\/p>\n<p><span style=\"color: #ff6600;\"><em><strong>N\u00e5 tilgjengelig:<\/strong><\/em> R\u00e5df\u00f8r deg med en ekspert hos Theta Development i dag og oppdag hvordan HADocs kan integreres med din bedrifts systemer.<\/span><\/p>","protected":false},"excerpt":{"rendered":"<p>Registrer dokumenter i HADocs, og utsendelsen blir automatisert Uansett om det er Artikkeldokumenter som Brukermanualer og Dataark, eller Partidokumentasjon som Materialsertifikater, har HADocs et godt brukergrensesnitt for \u00e5 registrere disse. N\u00e5r varene er klare til levering, vil HADocs automatisk finne alle samsvarende dokumenter og sende disse til kundene, slik de \u00f8nsker \u00e5 motta dem. I [&hellip;]<\/p>\n","protected":false},"author":1,"featured_media":0,"parent":0,"menu_order":0,"comment_status":"closed","ping_status":"closed","template":"","meta":{"footnotes":""},"categories":[],"tags":[],"_links":{"self":[{"href":"https:\/\/www.hadocs.com\/no\/wp-json\/wp\/v2\/pages\/1021"}],"collection":[{"href":"https:\/\/www.hadocs.com\/no\/wp-json\/wp\/v2\/pages"}],"about":[{"href":"https:\/\/www.hadocs.com\/no\/wp-json\/wp\/v2\/types\/page"}],"author":[{"embeddable":true,"href":"https:\/\/www.hadocs.com\/no\/wp-json\/wp\/v2\/users\/1"}],"replies":[{"embeddable":true,"href":"https:\/\/www.hadocs.com\/no\/wp-json\/wp\/v2\/comments?post=1021"}],"version-history":[{"count":1,"href":"https:\/\/www.hadocs.com\/no\/wp-json\/wp\/v2\/pages\/1021\/revisions"}],"predecessor-version":[{"id":3664,"href":"https:\/\/www.hadocs.com\/no\/wp-json\/wp\/v2\/pages\/1021\/revisions\/3664"}],"wp:attachment":[{"href":"https:\/\/www.hadocs.com\/no\/wp-json\/wp\/v2\/media?parent=1021"}],"wp:term":[{"taxonomy":"category","embeddable":true,"href":"https:\/\/www.hadocs.com\/no\/wp-json\/wp\/v2\/categories?post=1021"},{"taxonomy":"post_tag","embeddable":true,"href":"https:\/\/www.hadocs.com\/no\/wp-json\/wp\/v2\/tags?post=1021"}],"curies":[{"name":"wp","href":"https:\/\/api.w.org\/{rel}","templated":true}]}}